{"id":109,"date":"2018-10-20T19:09:58","date_gmt":"2018-10-20T17:09:58","guid":{"rendered":"http:\/\/testlogo.weissl.com\/?page_id=109"},"modified":"2023-08-05T11:52:23","modified_gmt":"2023-08-05T09:52:23","slug":"rund-um-den-mund","status":"publish","type":"page","link":"https:\/\/www.logopaedie-weissl.at\/index.php\/rund-um-den-mund\/","title":{"rendered":"Rund um den Mund"},"content":{"rendered":"<h1 style=\"text-align: center;\"><span style=\"color: #339966;\"><em><strong><span style=\"font-family: 'trebuchet ms', geneva, sans-serif;\">Rund um den Mund<a id=\"Myo\"><\/a><\/span><\/strong><\/em><\/span><\/h1>\n<h3 style=\"text-align: center;\"><span style=\"text-decoration: underline; color: #339966;\"><em><span style=\"font-family: trebuchet ms, geneva, sans-serif;\">Myofunktionelle St\u00f6rungen<\/span><\/em><\/span><\/h3>\n<p style=\"text-align: center;\"><em>Symptome<\/em><\/p>\n<ul>\n<li>offene Mundhaltung,<\/li>\n<li>Zungenruhelage zwischen den Z\u00e4hnen,<\/li>\n<li>Lutschgewohnheiten,<\/li>\n<li>falsches Schluckmuster,<\/li>\n<li>Zahnfehlstellungen, frontoffener Biss,<\/li>\n<li>Aussprachest\u00f6rungen der Zischlaute (&#8222;S-Fehler&#8220;)<\/li>\n<\/ul>\n<p>Myofunktionelle St\u00f6rungen beeinflussen die Muskulatur im Mundraum und haben eine Auswirkung auf die Lautbildung, Zahnstellung und Kieferform.<\/p>\n<p style=\"text-align: center;\"><em>\u00a0Therapie<\/em><\/p>\n<p>Die myofunktionelle Therapie stellt das muskul\u00e4res Gleichgewicht im Mundraum wieder her, korrigiert die falsche Zungenfunktion in der Ruhelage, Lautbildung und beim Schlucken und unterst\u00fctzt die kieferorthop\u00e4dische Behandlung.<a id=\"Facialis\"><\/a><\/p>\n<h3 style=\"text-align: center;\"><span style=\"font-family: 'trebuchet ms', geneva, sans-serif; color: #339966;\"><em>Gesichtsl\u00e4hmung (Facialisparese)<\/em><\/span><\/h3>\n<p style=\"text-align: center;\"><em>Symptome<\/em><\/p>\n<ul>\n<li style=\"text-align: left;\">L\u00e4hmung der mimischen Muskulatur auf einer Gesichtsh\u00e4lfte<\/li>\n<li>Auge kann nicht komplett geschlossen werden,<\/li>\n<li>Ausspracheschwierigkeiten,<\/li>\n<li>Probleme beim Essen und Trinken (Nahrung bleibt in den Wangentaschen h\u00e4ngen, Trinken mit Strohhalm nicht m\u00f6glich)<\/li>\n<\/ul>\n<p style=\"text-align: left;\">Eine Gesichtsl\u00e4hmung kann ideopathisch oder zum Beispiel als Begleiterscheinung einer G\u00fcrtelrose auftreten.<\/p>\n<p style=\"text-align: center;\"><em>Therapie<\/em><\/p>\n<p>Die Orofaciale Regulationstherapie nach Castillo Morales (ORT) stellt eine perfekte Therapie f\u00fcr diese Erkrankung dar. Auch andere manuelle Therapien ( z.B. osteopathische Techniken) k\u00f6nnen unterst\u00fctzend und erg\u00e4nzend angewendet werden.<\/p>\n<p>Ein fr\u00fcher Therapiebeginn sowie regelm\u00e4\u00dfige Therapieeinheiten sind wichtig.<\/p>\n","protected":false},"excerpt":{"rendered":"<p>Rund um den Mund Myofunktionelle St\u00f6rungen Symptome offene Mundhaltung, Zungenruhelage zwischen den Z\u00e4hnen, Lutschgewohnheiten, falsches Schluckmuster, Zahnfehlstellungen, frontoffener Biss, Aussprachest\u00f6rungen der Zischlaute (&#8222;S-Fehler&#8220;) Myofunktionelle St\u00f6rungen beeinflussen die Muskulatur im Mundraum und haben eine Auswirkung auf die Lautbildung, Zahnstellung und Kieferform. \u00a0Therapie Die myofunktionelle Therapie stellt das muskul\u00e4res Gleichgewicht im Mundraum wieder her, korrigiert die falsche &hellip; <\/p>\n<p class=\"link-more\"><a href=\"https:\/\/www.logopaedie-weissl.at\/index.php\/rund-um-den-mund\/\" class=\"more-link\"><span class=\"screen-reader-text\">\u201eRund um den Mund\u201c<\/span> weiterlesen<\/a><\/p>\n","protected":false},"author":1,"featured_media":0,"parent":0,"menu_order":0,"comment_status":"closed","ping_status":"closed","template":"","meta":{"footnotes":""},"class_list":["post-109","page","type-page","status-publish","hentry"],"_links":{"self":[{"href":"https:\/\/www.logopaedie-weissl.at\/index.php\/wp-json\/wp\/v2\/pages\/109","targetHints":{"allow":["GET"]}}],"collection":[{"href":"https:\/\/www.logopaedie-weissl.at\/index.php\/wp-json\/wp\/v2\/pages"}],"about":[{"href":"https:\/\/www.logopaedie-weissl.at\/index.php\/wp-json\/wp\/v2\/types\/page"}],"author":[{"embeddable":true,"href":"https:\/\/www.logopaedie-weissl.at\/index.php\/wp-json\/wp\/v2\/users\/1"}],"replies":[{"embeddable":true,"href":"https:\/\/www.logopaedie-weissl.at\/index.php\/wp-json\/wp\/v2\/comments?post=109"}],"version-history":[{"count":11,"href":"https:\/\/www.logopaedie-weissl.at\/index.php\/wp-json\/wp\/v2\/pages\/109\/revisions"}],"predecessor-version":[{"id":470,"href":"https:\/\/www.logopaedie-weissl.at\/index.php\/wp-json\/wp\/v2\/pages\/109\/revisions\/470"}],"wp:attachment":[{"href":"https:\/\/www.logopaedie-weissl.at\/index.php\/wp-json\/wp\/v2\/media?parent=109"}],"curies":[{"name":"wp","href":"https:\/\/api.w.org\/{rel}","templated":true}]}}