{"id":116,"date":"2018-10-20T21:24:29","date_gmt":"2018-10-20T19:24:29","guid":{"rendered":"http:\/\/testlogo.weissl.com\/?page_id=116"},"modified":"2019-01-21T16:41:05","modified_gmt":"2019-01-21T15:41:05","slug":"lesen-und-schreiben","status":"publish","type":"page","link":"https:\/\/www.logopaedie-weissl.at\/index.php\/lesen-und-schreiben\/","title":{"rendered":"Lesen und Schreiben"},"content":{"rendered":"<p style=\"text-align: right;\"><span style=\"font-family: 'trebuchet ms', geneva, sans-serif;\"><em>&#8222;Wer einen Rechtschreibfehler findet,<br \/>\ndarf ihn behalten.&#8220;<\/em><\/span><\/p>\n<h1 style=\"text-align: center;\"><span style=\"font-family: 'trebuchet ms', geneva, sans-serif; color: #339966;\"><em><strong>Lesen und Schreiben<\/strong><\/em><\/span><\/h1>\n<p>Aller Anfang ist schwer, so auch f\u00fcr manche Lese &#8211; und Schreibanf\u00e4nger.<\/p>\n<p>Ich biete Diagnostik und Therapie bei Lese &#8211; und Rechtschreibschw\u00e4chen und -st\u00f6rungen f\u00fcr Schulkinder jeden Alters.<\/p>\n<p>Voraussetzungen f\u00fcr den Lese- und Schriftspracherwerb sind eine gute auditive Verarbeitung und phonologische Bewusstheit. Diese Vorl\u00e4uferf\u00e4higkeiten k\u00f6nnen schon im Kindergartenalter mit Hilfe eines Screenings ermittelt werden und so entdeckte Defizite noch vor Schulbeginn behoben werden.<\/p>\n","protected":false},"excerpt":{"rendered":"<p>&#8222;Wer einen Rechtschreibfehler findet, darf ihn behalten.&#8220; Lesen und Schreiben Aller Anfang ist schwer, so auch f\u00fcr manche Lese &#8211; und Schreibanf\u00e4nger. Ich biete Diagnostik und Therapie bei Lese &#8211; und Rechtschreibschw\u00e4chen und -st\u00f6rungen f\u00fcr Schulkinder jeden Alters. Voraussetzungen f\u00fcr den Lese- und Schriftspracherwerb sind eine gute auditive Verarbeitung und phonologische Bewusstheit. Diese Vorl\u00e4uferf\u00e4higkeiten k\u00f6nnen &hellip; <\/p>\n<p class=\"link-more\"><a href=\"https:\/\/www.logopaedie-weissl.at\/index.php\/lesen-und-schreiben\/\" class=\"more-link\"><span class=\"screen-reader-text\">\u201eLesen und Schreiben\u201c<\/span> weiterlesen<\/a><\/p>\n","protected":false},"author":1,"featured_media":0,"parent":0,"menu_order":0,"comment_status":"closed","ping_status":"closed","template":"","meta":{"footnotes":""},"class_list":["post-116","page","type-page","status-publish","hentry"],"_links":{"self":[{"href":"https:\/\/www.logopaedie-weissl.at\/index.php\/wp-json\/wp\/v2\/pages\/116","targetHints":{"allow":["GET"]}}],"collection":[{"href":"https:\/\/www.logopaedie-weissl.at\/index.php\/wp-json\/wp\/v2\/pages"}],"about":[{"href":"https:\/\/www.logopaedie-weissl.at\/index.php\/wp-json\/wp\/v2\/types\/page"}],"author":[{"embeddable":true,"href":"https:\/\/www.logopaedie-weissl.at\/index.php\/wp-json\/wp\/v2\/users\/1"}],"replies":[{"embeddable":true,"href":"https:\/\/www.logopaedie-weissl.at\/index.php\/wp-json\/wp\/v2\/comments?post=116"}],"version-history":[{"count":4,"href":"https:\/\/www.logopaedie-weissl.at\/index.php\/wp-json\/wp\/v2\/pages\/116\/revisions"}],"predecessor-version":[{"id":375,"href":"https:\/\/www.logopaedie-weissl.at\/index.php\/wp-json\/wp\/v2\/pages\/116\/revisions\/375"}],"wp:attachment":[{"href":"https:\/\/www.logopaedie-weissl.at\/index.php\/wp-json\/wp\/v2\/media?parent=116"}],"curies":[{"name":"wp","href":"https:\/\/api.w.org\/{rel}","templated":true}]}}