{"id":254,"date":"2018-11-03T12:35:45","date_gmt":"2018-11-03T11:35:45","guid":{"rendered":"http:\/\/testlogo.weissl.com\/?page_id=254"},"modified":"2023-08-05T12:28:49","modified_gmt":"2023-08-05T10:28:49","slug":"therapie","status":"publish","type":"page","link":"https:\/\/www.logopaedie-weissl.at\/index.php\/therapie\/","title":{"rendered":"Therapie"},"content":{"rendered":"<h1 style=\"text-align: center;\"><span style=\"color: #339966; font-family: 'trebuchet ms', geneva, sans-serif;\"><em><strong>Therapie<\/strong><\/em><\/span><\/h1>\n<h3 style=\"text-align: center;\"><span style=\"font-family: 'trebuchet ms', geneva, sans-serif; color: #339966;\"><em>Verordnung\/Verrechnung<\/em><\/span><\/h3>\n<p>Ich arbeite als Wahllogop\u00e4din auf Refundierungsbasis mit allen Krankenkassen .<\/p>\n<p>Voraussetzung daf\u00fcr ist eine Verordnung f\u00fcr logop\u00e4dische Therapie (10x 60 min), die Sie von einem Facharzt (HNO-Arzt, Kieferorthop\u00e4de, Kinderarzt, &#8230;) erhalten. Diese muss grunds\u00e4tzlich vor Therapiebeginn von Ihrer Krankenkasse chef\u00e4rztlich bewilligt werden . Derzeit ist die Bewilligungspflicht bei der \u00d6GK (voraussichtlich bis 2025) ausgesetzt.<\/p>\n<p>Sie erhalten nach jeder Therapieeinheit von mir eine Honorarnote mit der Bitte um \u00dcberweisung. Im Anschluss an die Therapie reichen Sie die bewilligte Verordnung sowie die Honorarnoten samt Zahlungsbest\u00e4tigung bei Ihrer Krankenkasse ein und erhalten eine Refundierung von \u00fcblicherweise 50 &#8211; 60 % der Therapiekosten.<\/p>\n<p>Eine Therapieeinheit umfasst logop\u00e4dische Leistungen mit und f\u00fcr den Patienten. Das Honorar richtet sich nach dem St\u00f6rungsbild und der daraus resultierenden Dauer der Therapieeinheit.<\/p>\n<h3 style=\"text-align: center;\"><span style=\"font-family: 'trebuchet ms', geneva, sans-serif; color: #339966;\"><em>Terminvereinbarung<\/em><\/span><\/h3>\n<p>Bitte melden Sie sich bei mir telefonisch oder per SMS unter +43 664 22 34 690.<\/p>\n<p>Sollten Sie per E-Mail (<a href=\"mailto:baerbel@weissl.name\" target=\"_blank\" rel=\"noopener\">baerbel@weissl.name<\/a>) mit mir Kontakt aufnehmen wollen, schreiben Sie bitte auch Ihre Telefonnummer f\u00fcr R\u00fcckfragen dazu.<\/p>\n","protected":false},"excerpt":{"rendered":"<p>Therapie Verordnung\/Verrechnung Ich arbeite als Wahllogop\u00e4din auf Refundierungsbasis mit allen Krankenkassen . Voraussetzung daf\u00fcr ist eine Verordnung f\u00fcr logop\u00e4dische Therapie (10x 60 min), die Sie von einem Facharzt (HNO-Arzt, Kieferorthop\u00e4de, Kinderarzt, &#8230;) erhalten. Diese muss grunds\u00e4tzlich vor Therapiebeginn von Ihrer Krankenkasse chef\u00e4rztlich bewilligt werden . Derzeit ist die Bewilligungspflicht bei der \u00d6GK (voraussichtlich bis 2025) &hellip; <\/p>\n<p class=\"link-more\"><a href=\"https:\/\/www.logopaedie-weissl.at\/index.php\/therapie\/\" class=\"more-link\"><span class=\"screen-reader-text\">\u201eTherapie\u201c<\/span> weiterlesen<\/a><\/p>\n","protected":false},"author":1,"featured_media":0,"parent":0,"menu_order":0,"comment_status":"closed","ping_status":"closed","template":"","meta":{"footnotes":""},"class_list":["post-254","page","type-page","status-publish","hentry"],"_links":{"self":[{"href":"https:\/\/www.logopaedie-weissl.at\/index.php\/wp-json\/wp\/v2\/pages\/254","targetHints":{"allow":["GET"]}}],"collection":[{"href":"https:\/\/www.logopaedie-weissl.at\/index.php\/wp-json\/wp\/v2\/pages"}],"about":[{"href":"https:\/\/www.logopaedie-weissl.at\/index.php\/wp-json\/wp\/v2\/types\/page"}],"author":[{"embeddable":true,"href":"https:\/\/www.logopaedie-weissl.at\/index.php\/wp-json\/wp\/v2\/users\/1"}],"replies":[{"embeddable":true,"href":"https:\/\/www.logopaedie-weissl.at\/index.php\/wp-json\/wp\/v2\/comments?post=254"}],"version-history":[{"count":8,"href":"https:\/\/www.logopaedie-weissl.at\/index.php\/wp-json\/wp\/v2\/pages\/254\/revisions"}],"predecessor-version":[{"id":482,"href":"https:\/\/www.logopaedie-weissl.at\/index.php\/wp-json\/wp\/v2\/pages\/254\/revisions\/482"}],"wp:attachment":[{"href":"https:\/\/www.logopaedie-weissl.at\/index.php\/wp-json\/wp\/v2\/media?parent=254"}],"curies":[{"name":"wp","href":"https:\/\/api.w.org\/{rel}","templated":true}]}}