{"id":259,"date":"2018-11-03T12:37:40","date_gmt":"2018-11-03T11:37:40","guid":{"rendered":"http:\/\/testlogo.weissl.com\/?page_id=259"},"modified":"2026-03-10T14:13:23","modified_gmt":"2026-03-10T13:13:23","slug":"anreise","status":"publish","type":"page","link":"https:\/\/www.logopaedie-weissl.at\/index.php\/anreise\/","title":{"rendered":"Anreise"},"content":{"rendered":"<h1 style=\"text-align: center;\"><span style=\"font-family: 'trebuchet ms', geneva, sans-serif; color: #339966;\"><em><strong>Anreise<\/strong><\/em><\/span><\/h1>\n<h3><span style=\"color: #339966;\"><em><span style=\"font-family: 'trebuchet ms', geneva, sans-serif;\">Mit den \u00f6ffentlichen Verkehrsmitteln<\/span><\/em><\/span><\/h3>\n<ul>\n<li>U3 &#8211; Station Kardinal Nagl-Platz (Ausgang Keinergasse)<br \/>\nFu\u00dfweg ca. 5 Minuten<\/li>\n<li>Autobus 74A &#8211; Station Eslarngasse<br \/>\nFu\u00dfweg ca. 1 Minute stadtausw\u00e4rts<\/li>\n<li>Stra\u00dfenbahnlinie 71 &#8211; Station Oberzellergasse<br \/>\nFu\u00dfweg ca. 5 Minuten<\/li>\n<\/ul>\n<h3><span style=\"color: #339966;\"><em><span style=\"font-family: 'trebuchet ms', geneva, sans-serif;\">Mit dem Auto<\/span><\/em><\/span><\/h3>\n<ul>\n<li>ACHTUNG: Kurzparkzone (Montag &#8211; Freitag von 9 bis 22 Uhr).<\/li>\n<\/ul>\n","protected":false},"excerpt":{"rendered":"<p>Anreise Mit den \u00f6ffentlichen Verkehrsmitteln U3 &#8211; Station Kardinal Nagl-Platz (Ausgang Keinergasse) Fu\u00dfweg ca. 5 Minuten Autobus 74A &#8211; Station Eslarngasse Fu\u00dfweg ca. 1 Minute stadtausw\u00e4rts Stra\u00dfenbahnlinie 71 &#8211; Station Oberzellergasse Fu\u00dfweg ca. 5 Minuten Mit dem Auto ACHTUNG: Kurzparkzone (Montag &#8211; Freitag von 9 bis 22 Uhr).<\/p>\n","protected":false},"author":1,"featured_media":0,"parent":0,"menu_order":0,"comment_status":"closed","ping_status":"closed","template":"","meta":{"footnotes":""},"class_list":["post-259","page","type-page","status-publish","hentry"],"_links":{"self":[{"href":"https:\/\/www.logopaedie-weissl.at\/index.php\/wp-json\/wp\/v2\/pages\/259","targetHints":{"allow":["GET"]}}],"collection":[{"href":"https:\/\/www.logopaedie-weissl.at\/index.php\/wp-json\/wp\/v2\/pages"}],"about":[{"href":"https:\/\/www.logopaedie-weissl.at\/index.php\/wp-json\/wp\/v2\/types\/page"}],"author":[{"embeddable":true,"href":"https:\/\/www.logopaedie-weissl.at\/index.php\/wp-json\/wp\/v2\/users\/1"}],"replies":[{"embeddable":true,"href":"https:\/\/www.logopaedie-weissl.at\/index.php\/wp-json\/wp\/v2\/comments?post=259"}],"version-history":[{"count":5,"href":"https:\/\/www.logopaedie-weissl.at\/index.php\/wp-json\/wp\/v2\/pages\/259\/revisions"}],"predecessor-version":[{"id":532,"href":"https:\/\/www.logopaedie-weissl.at\/index.php\/wp-json\/wp\/v2\/pages\/259\/revisions\/532"}],"wp:attachment":[{"href":"https:\/\/www.logopaedie-weissl.at\/index.php\/wp-json\/wp\/v2\/media?parent=259"}],"curies":[{"name":"wp","href":"https:\/\/api.w.org\/{rel}","templated":true}]}}