{"id":261,"date":"2018-11-03T12:37:56","date_gmt":"2018-11-03T11:37:56","guid":{"rendered":"http:\/\/testlogo.weissl.com\/?page_id=261"},"modified":"2019-01-20T18:38:22","modified_gmt":"2019-01-20T17:38:22","slug":"kontakt","status":"publish","type":"page","link":"https:\/\/www.logopaedie-weissl.at\/index.php\/kontakt\/","title":{"rendered":"Kontakt"},"content":{"rendered":"<h1><span style=\"font-family: 'trebuchet ms', geneva, sans-serif;\"><em><strong><span style=\"color: #339966;\">Kontakt<\/span><\/strong><\/em><\/span><\/h1>\n<p>B\u00e4rbel Wei\u00dfl<br \/>\nLandstra\u00dfer Hauptstra\u00dfe 134\/10<br \/>\n1030 Wien<br \/>\n+43 664 2234690<br \/>\nbaerbel@weissl.name<br \/>\nwww.logopaedie-weissl.at<\/p>\n","protected":false},"excerpt":{"rendered":"<p>Kontakt B\u00e4rbel Wei\u00dfl Landstra\u00dfer Hauptstra\u00dfe 134\/10 1030 Wien +43 664 2234690 baerbel@weissl.name www.logopaedie-weissl.at<\/p>\n","protected":false},"author":1,"featured_media":0,"parent":0,"menu_order":0,"comment_status":"closed","ping_status":"closed","template":"","meta":{"footnotes":""},"class_list":["post-261","page","type-page","status-publish","hentry"],"_links":{"self":[{"href":"https:\/\/www.logopaedie-weissl.at\/index.php\/wp-json\/wp\/v2\/pages\/261","targetHints":{"allow":["GET"]}}],"collection":[{"href":"https:\/\/www.logopaedie-weissl.at\/index.php\/wp-json\/wp\/v2\/pages"}],"about":[{"href":"https:\/\/www.logopaedie-weissl.at\/index.php\/wp-json\/wp\/v2\/types\/page"}],"author":[{"embeddable":true,"href":"https:\/\/www.logopaedie-weissl.at\/index.php\/wp-json\/wp\/v2\/users\/1"}],"replies":[{"embeddable":true,"href":"https:\/\/www.logopaedie-weissl.at\/index.php\/wp-json\/wp\/v2\/comments?post=261"}],"version-history":[{"count":2,"href":"https:\/\/www.logopaedie-weissl.at\/index.php\/wp-json\/wp\/v2\/pages\/261\/revisions"}],"predecessor-version":[{"id":362,"href":"https:\/\/www.logopaedie-weissl.at\/index.php\/wp-json\/wp\/v2\/pages\/261\/revisions\/362"}],"wp:attachment":[{"href":"https:\/\/www.logopaedie-weissl.at\/index.php\/wp-json\/wp\/v2\/media?parent=261"}],"curies":[{"name":"wp","href":"https:\/\/api.w.org\/{rel}","templated":true}]}}