{"id":3,"date":"2018-09-24T12:21:10","date_gmt":"2018-09-24T12:21:10","guid":{"rendered":"http:\/\/testlogo.weissl.com\/?page_id=3"},"modified":"2020-03-22T13:22:40","modified_gmt":"2020-03-22T12:22:40","slug":"privacy-policy","status":"publish","type":"page","link":"https:\/\/www.logopaedie-weissl.at\/index.php\/privacy-policy\/","title":{"rendered":"Datenschutz &#8211; Webseite"},"content":{"rendered":"<h1 style=\"text-align: center;\"><span style=\"font-family: 'trebuchet ms', geneva, sans-serif;\"><em><strong>Datenschutz &#8211; Webseite<\/strong><\/em><\/span><\/h1>\n<p>Erkl\u00e4rung zur Informationspflicht (Datenschutzerkl\u00e4rung) der Webseite von<\/p>\n<p>B\u00e4rbel Wei\u00dfl \/ Logop\u00e4dische Praxis<\/p>\n<p>Ich freue mich, dass Sie meine Webseite besuchen. Der Schutz Ihrer pers\u00f6nlichen Daten ist mir ein besonderes Anliegen, daher m\u00f6chte ich Ihnen erkl\u00e4ren, wie ich Ihre Daten speichere und bearbeite. Diese Verarbeitung passiert ausschlie\u00dflich auf Grundlage der gesetzlichen Bestimmungen (DSGVO, TKG 2003). Ich verpflichte mich, Ihre personenbezogenen Daten nach dem aktuellen Stand der Technik und organisatorisch vor Verlust, unbefugtem Zugriff und Missbrauch zu sch\u00fctzen. Dritten werden die gespeicherten Daten nur in der in dieser Erkl\u00e4rung beschriebenen Weise zur Verf\u00fcgung gestellt. Es werden selbstverst\u00e4ndlich keine personenbezogenen Daten an Werbefirmen weitergegeben.<\/p>\n<p>Ich behalte mir das Recht vor, die in dieser Datenschutzerkl\u00e4rung bereitgestellten Informationen ohne vorherige Ank\u00fcndigung an eine ver\u00e4nderte Gesetzgebung oder Rechtsprechung anzupassen. G\u00fcltig ist die jeweils hier ver\u00f6ffentlichte aktuelle Version.<\/p>\n<p>Ist f\u00fcr die Verarbeitung\/Verwendung Ihrer Daten Ihre Zustimmung erforderlich, verarbeite\/verwende ich sie erst nach Ihrer ausdr\u00fccklichen Zustimmung. Mit Abgabe Ihrer Zustimmung best\u00e4tigen Sie, dass Sie das 14. Lebensjahr vollendet haben oder die Zustimmung Ihres gesetzlichen Vertreters vorliegt. Ihre Zustimmung k\u00f6nnen Sie jederzeit widerrufen (datenschutz-logopaedie(at)weissl.com). Im Falle des Widerrufes Ihrer Zustimmung oder eines L\u00f6schbegehrens werden die bisher \u00fcber Sie gespeicherten Daten gel\u00f6scht. Durch den Widerruf der Zustimmung wird die Rechtm\u00e4\u00dfigkeit der auf Grund der Zustimmung bis zum Widerruf erfolgten Verarbeitung nicht ber\u00fchrt.<\/p>\n<h1>Cookies<\/h1>\n<p>Meine Webseite verwendet sogenannte Cookies. Dabei handelt es sich um kleine Textdateien, die mit Hilfe des Browsers auf Ihrem Endger\u00e4t abgelegt werden. Sie richten keinen Schaden an.<\/p>\n<p>Ich nutze Cookies dazu, mein Angebot nutzerfreundlich zu gestalten. Einige Cookies bleiben auf Ihrem Endger\u00e4t gespeichert, bis Sie diese l\u00f6schen. Sie erm\u00f6glichen es mir, Ihren Browser beim n\u00e4chsten Besuch wiederzuerkennen (z. B. f\u00fcr die Einstellung der Sprache).<\/p>\n<p>Wenn Sie dies nicht w\u00fcnschen, so k\u00f6nnen Sie Ihren Browser so einrichten, dass er Sie \u00fcber das Setzen von Cookies informiert und Sie dies nur im Einzelfall erlauben.<\/p>\n<p>Bei der Deaktivierung von Cookies kann die Funktionalit\u00e4t meiner Webseite eingeschr\u00e4nkt sein.<\/p>\n<h1>Ihre Rechte<\/h1>\n<p>Ihnen stehen die Rechte auf Auskunft, Berichtigung, L\u00f6schung, Einschr\u00e4nkung, Daten\u00fcbertragbarkeit, Widerruf und Widerspruch zu, sofern Ihr Wunsch nicht mit einer gesetzlichen Pflicht zur Aufbewahrung von Daten (z. B. Vorratsdatenspeicherung) kollidiert. Sie k\u00f6nnen mich in dieser Angelegenheit unter datenschutz-logopaedie(at)weissl.com kontaktieren. Wenn Sie glauben, dass die Verarbeitung Ihrer Daten gegen das Datenschutzrecht verst\u00f6\u00dft oder Ihre datenschutzrechtlichen Anspr\u00fcche sonst in einer Weise verletzt worden sind, k\u00f6nnen Sie sich bei der zust\u00e4ndigen Aufsichtsbeh\u00f6rde beschweren. In \u00d6sterreich ist dies die Datenschutzbeh\u00f6rde: <a href=\"https:\/\/www.dsb.gv.at\">https:\/\/www.dsb.gv.at<\/a><\/p>\n<p>Sie erhalten auf Antrag Ihrerseits 1 x pro Jahr kostenlose Auskunft dar\u00fcber, welche personenbezogenen Daten ich \u00fcber Sie gespeichert habe.<\/p>\n<h1>Das sind meine Kontaktdaten (Verantwortlichkeit)<\/h1>\n<p>Logop\u00e4diepraxis B\u00e4rbel Wei\u00dfl<\/p>\n<p>Landstra\u00dfer Hauptstra\u00dfe 134\/10<\/p>\n<p>1030 Wien<\/p>\n<p>E-Mail: baerbel@weissl.name<\/p>\n<h1>Webseiten<\/h1>\n<p>Diese Datenschutzbestimmungen gelten f\u00fcr folgende Webseite:<\/p>\n<p>www.logopaedie-weissl.at<\/p>\n<h1>Plugins<\/h1>\n<p>Mit der Kenntnisnahme dieser Datenschutzerkl\u00e4rung stimmen Sie ausdr\u00fccklich dem Einsatz folgender Plugins zu:<\/p>\n<h2>YouTube Videos<\/h2>\n<p>Ich habe YouTube-Videos auf meiner Webseite eingebunden, die auf \u201ewww.youtube.com\u201c gespeichert und von meiner Webseite direkt abspielbar sind. Wenn Sie die Videos abspielen, werden auf Ihrem Rechner YouTube-Cookies gespeichert und Daten an Google, Inc., 1600 Amphitheatre Parkway, Mountain View, CA 94043, USA, als YouTube-Betreiber \u00fcbertragen. Beim Abspielen von bei YouTube gespeicherten Videos werden mindestens folgende Daten an Google, Inc. \u00fcbertragen: IP-Adresse und Cookie-ID, die spezifische Adresse der bei mir aufgerufenen Seite, Spracheinstellung des Browsers, Systemdatum und Zeit des Aufrufs sowie Kennung Ihres Browsers. Die Daten\u00fcbertragung erfolgt unabh\u00e4ngig davon, ob Sie bei Google ein Nutzerkonto innehaben, \u00fcber das Sie eingeloggt sind, oder ob f\u00fcr Sie kein Nutzerkonto besteht. Wenn Sie eingeloggt sind, werden diese Daten direkt Ihrem Konto zugeordnet. Wenn Sie die Zuordnung zu Ihrem Profil nicht w\u00fcnschen, m\u00fcssen Sie sich ausloggen. YouTube bzw. Google, Inc. speichert diese Daten als Nutzungsprofile und nutzt diese f\u00fcr Zwecke der Werbung, Marktforschung und\/oder bedarfsgerechten Gestaltung seiner Webseite. Eine solche Auswertung erfolgt insbesondere (auch f\u00fcr nicht eingeloggte Nutzer) zur Erbringung von bedarfsgerechter Werbung und um andere Nutzer \u00fcber Ihre Aktivit\u00e4ten auf meiner Webseite zu informieren. Ihnen steht ein Widerspruchsrecht zu gegen die Bildung dieser Nutzerprofile, wobei Sie sich zur Aus\u00fcbung dessen an Google Inc. als Betreiber von YouTube richten m\u00fcssen. Weitere Informationen zu Zweck und Umfang der Datenerhebung und ihrer Verarbeitung durch Google, Inc. erhalten Sie auf www.google.at\/intl\/de\/policies\/privacy\/. Mit Abspielen der YouTube-Videos erkl\u00e4ren Sie sich mit der Datenverarbeitung durch Google, Inc. einverstanden. Eine Verarbeitung der betroffenen Daten durch mich findet nicht statt.<\/p>\n<h2>Facebook<\/h2>\n<p>Auf meiner Webseite sind Plugins des sozialen Netzwerks Facebook, 1601 South California Avenue, Palo Alto, CA 94304, USA integriert. Die Facebook-Plugins erkennen Sie an dem Facebook-Logo oder dem &#8222;Like-Button&#8220; (&#8222;Gef\u00e4llt mir\u201c) auf meiner Seite. Eine \u00dcbersicht \u00fcber die Facebook-Plugins finden Sie hier: http:\/\/developers.facebook.com\/docs\/plugins\/<br \/>\nWenn Sie meine Seite besuchen, wird \u00fcber das Plugin eine direkte Verbindung zwischen Ihrem Browser und dem Facebook-Server hergestellt. Facebook erh\u00e4lt dadurch die Information, dass Sie mit Ihrer IP-Adresse meine Seite besucht haben. Wenn Sie den Facebook \u201eLike-Button\u201c anklicken w\u00e4hrend Sie in Ihrem Facebook-Account eingeloggt sind, k\u00f6nnen Sie die Inhalte meiner Seiten auf Ihrem Facebook-Profil verlinken. Dadurch kann Facebook den Besuch meiner Seiten Ihrem Benutzerkonto zuordnen. Ich weisen darauf hin, dass ich als Anbieter der Seiten keine Kenntnis vom Inhalt der \u00fcbermittelten Daten sowie deren Nutzung durch Facebook erhalte. Weitere Informationen hierzu finden Sie in der Datenschutzerkl\u00e4rung von facebook unter https:\/\/www.facebook.com\/about\/privacy\/<\/p>\n<p>Wenn Sie nicht w\u00fcnschen, dass Facebook den Besuch meiner Seiten Ihrem Facebook-Nutzerkonto zuordnen kann, loggen Sie sich bitte aus Ihrem Facebook-Benutzerkonto aus.<\/p>\n<h2>Google Analytics<\/h2>\n<p>Auf meiner Webseite nutze ich an wenigen Stellen den Webanalysedienst Google Analytics der Google Inc., 1600 Amphitheatre Parkway, Mountain View, CA 94043, USA (\u201eGoogle\u201c). Google Analytics verwendet Cookies, welche auf Ihrem Computer gespeichert werden und eine Analyse der Websitenutzung erm\u00f6glichen. Die durch den Cookie erzeugten Informationen \u00fcber die Nutzung der Website werden in der Regel an einen Server von Google in den USA \u00fcbertragen und dort gespeichert.<\/p>\n<p>Google wird diese Informationen in meinem Auftrag benutzen, um Ihre Nutzung der Webseite auszuwerten und um Reports \u00fcber die Website-Aktivit\u00e4ten zusammenzustellen.<\/p>\n<p>Ich setze Google Analytics nur mit aktiver IP-Anonymisierung ein. Das bedeutet, die IP-Adresse der Nutzer wird von Google innerhalb von Mitgliedstaaten der Europ\u00e4ischen Union oder in anderen Vertragsstaaten des Abkommens \u00fcber den Europ\u00e4ischen Wirtschaftsraum gek\u00fcrzt. Nur in Ausnahmef\u00e4llen wird die IP-Adresse an einen Server von Google in den USA \u00fcbertragen und dort gek\u00fcrzt.<\/p>\n<p>Sie k\u00f6nnen die Erfassung der durch das Cookie erzeugten und auf Ihre Nutzung des Onlineangebotes bezogenen Daten an Google sowie die Verarbeitung dieser Daten durch Google verhindern, indem Sie das unter dem folgenden Link verf\u00fcgbare Browser-Plugin herunterladen und installieren: tools.google.com\/dlpage\/gaoptout. N\u00e4here Informationen zu Nutzungsbedingungen und Datenschutz finden Sie unter www.google.com\/analytics\/terms\/de.html bzw. unter www.google.de\/intl\/de\/policies\/.<\/p>\n<h2>Google reCaptcha<\/h2>\n<p>Auf meinen Webseiten verwende ich zum Schutz Ihrer Anfragen per Internetformular punktuell den Dienst reCAPTCHA des Unternehmens Google Inc., 1600 Amphitheatre Parkway, Mountain View, CA 94043, USA (&#8222;Google&#8220;). Zu diesem Zweck werden die erhobenen Daten in der Regel an einen Server von Google in den USA \u00fcbertragen und dort gespeichert. Folgende Daten werden u.a. durch reCAPTCHA erhoben: IP-Adresse, Bildschirmaufl\u00f6sung des Besuchers, Spracheinstellung des Browsers, Zeitzone, installierte Browser Plugins, Klickverhalten, Kennung Ihres Browsers sowie alle Cookies, welche Google in den letzten 6 Monaten gesetzt hat.<\/p>\n<p>Google wird diese Information benutzen, um Ihre Nutzung dieses Dienstes auszuwerten. Die Datenerhebung dient der Unterscheidung, ob die Eingabe durch einen Menschen oder missbr\u00e4uchlich durch automatische, maschinelle Verarbeitung erfolgt.<\/p>\n<p>Weitere Informationen zu Zweck und Umfang der Datenerhebung und ihrer Verarbeitung durch Google, Inc. erhalten Sie auf www.google.com\/intl\/de\/policies\/privacy\/.<\/p>\n<h2>Google Maps<\/h2>\n<p>Auf meiner Webseite setze ich den Dienst Google Maps API ein. Dieser Dienst ist ein Service der Google, Inc., 1600 Amphitheatre Parkway, Mountain View, CA 94043, USA. Durch die Einbindung des Dienstes auf meiner Seite werden mindestens folgende Daten an Google, Inc. \u00fcbertragen: IP-Adresse, Uhrzeit des Besuchs der Website, Bildschirmaufl\u00f6sung des Besuchers, URL der Website (Referer), die Kennung des Browsers (User-Agent) sowie Suchbegriffe. Die Daten\u00fcbertragung erfolgt unabh\u00e4ngig davon, ob Sie bei Google ein Nutzerkonto innehaben, \u00fcber das Sie eingeloggt sind, oder ob f\u00fcr Sie kein Nutzerkonto besteht. Wenn Sie eingeloggt sind, werden diese Daten direkt Ihrem Konto zugeordnet. Wenn Sie die Zuordnung zu Ihrem Profil nicht w\u00fcnschen, m\u00fcssen Sie sich vor Aktivierung des Buttons ausloggen. Google, Inc. speichert diese Daten als Nutzungsprofile und nutzt diese f\u00fcr Zwecke der Werbung, Marktforschung und\/oder bedarfsgerechten Gestaltung seiner Webseite. Ihnen steht ein Widerspruchsrecht zu gegen die Bildung dieser Nutzerprofile, wobei Sie sich zur Aus\u00fcbung dessen an Google Inc. richten m\u00fcssen. Weitere Informationen zu Zweck und Umfang der Datenerhebung und ihrer Verarbeitung durch Google, Inc. erhalten Sie auf www.google.at\/intl\/de\/policies\/privacy\/. Mit Nutzung des Google Maps-Dienstes erkl\u00e4ren Sie sich mit der Datenverarbeitung durch Google, Inc. einverstanden. Eine Verarbeitung der betroffenen Daten durch mich findet nicht statt.<\/p>\n<h1>Erhebung und Verarbeitung personenbezogener Daten<\/h1>\n<p>Personenbezogene Daten werden erhoben, wenn Sie mir diese von sich aus zum Beispiel im Rahmen einer Registrierung (z.B. Newsletter) bekanntgeben bzw. der Cookie-Nutzung zustimmen.<\/p>\n<h2>Datenl\u00f6schung<\/h2>\n<p>Ihre Daten werden in personenbezogener Form nur solange gespeichert, wie es f\u00fcr die Zwecke, f\u00fcr die sie verarbeitet werden, erforderlich ist.<\/p>\n<p>\u00dcber diesen Zeitpunkt hinaus speichere ich Ihre Daten<\/p>\n<ul>\n<li>2 Jahre, um eventuelle Anfragen von Ihnen beantworten zu k\u00f6nnen bzw.<\/li>\n<li>bis zum Ablauf etwaiger Verj\u00e4hrungs- und gesetzlicher Aufbewahrungsfristen, soweit dies in diesen Datenschutzbestimmungen nicht anderweitig festgelegt wird.<\/li>\n<\/ul>\n<h2>Webseitenzugriff<\/h2>\n<p>\u00dcber jeden (auch versuchten) Zugriff auf die Webseite wird folgender Datensatz gespeichert (Server-Log):<\/p>\n<ul>\n<li>Name der abgerufenen Datei<\/li>\n<li>Datum und Uhrzeit des Abrufs\/Anfrage<\/li>\n<li>\u00dcbertragene Datenmenge<\/li>\n<li>Referrer URL<\/li>\n<li>Meldung, ob der Abruf erfolgreich war<\/li>\n<li>Meldung, warum ein Abruf ggf. fehlgeschlagen ist<\/li>\n<li>Den Name Ihres Internet Service Providers<\/li>\n<li>Browsertyp\/Browserversion<\/li>\n<li>Gegebenenfalls Betriebssystem und Browsersoftware Ihres Computers<\/li>\n<li>IP-Adresse von der aus Sie uns besuchen.<\/li>\n<\/ul>\n<p>Diese Daten sind nicht bestimmten Personen zuordenbar. Eine Zusammenf\u00fchrung dieser Daten mit anderen Datenquellen wird nicht vorgenommen. Ich behalte es mir vor, diese Daten nachtr\u00e4glich zu pr\u00fcfen, wenn mir konkrete Anhaltspunkte f\u00fcr eine rechtswidrige Nutzung meiner Webseite bekannt werden. Sollte es einen Hackangriff gegeben haben werden diese Daten an die Strafverfolgungsbeh\u00f6rden weitergeben.<\/p>\n<p>Im Folgenden beschreibe ich, welche Daten ich von Ihnen f\u00fcr welchen Zweck speichere und verarbeite:<\/p>\n<h2>Newsletter<\/h2>\n<ul>\n<li>Name, Vorname<\/li>\n<li>E-Mail-Adresse<\/li>\n<\/ul>\n<p>Sobald Sie sich f\u00fcr den Newsletter angemeldet haben, sende ich Ihnen ein Best\u00e4tigungs-E-Mail mit einem Link zur Best\u00e4tigung der Anmeldung zu.<\/p>\n<p>Das Abo des Newsletters k\u00f6nnen Sie jederzeit \u00fcber einen Link im Newsletter-E-Mail stornieren. Sollte es hierbei zu einem Problem kommen, senden Sie Ihre Stornierung bitte an folgende E-Mail-Adresse: newsletter-stop@weissl.com. Ich l\u00f6sche anschlie\u00dfend umgehend Ihre Daten im Zusammenhang mit dem Newsletter-Versand.<\/p>\n<p><a href=\"http:\/\/www.logopaedie-weissl.at\/wp-content\/uploads\/2020\/03\/20200322_Datenschutzerklaerung_v110_Logopaedie_Webseite.pdf\" target=\"_blank\" rel=\"noopener\">20200322_Datenschutzerklaerung_v110_Logopaedie_Webseite<\/a><\/p>\n","protected":false},"excerpt":{"rendered":"<p>Datenschutz &#8211; Webseite Erkl\u00e4rung zur Informationspflicht (Datenschutzerkl\u00e4rung) der Webseite von B\u00e4rbel Wei\u00dfl \/ Logop\u00e4dische Praxis Ich freue mich, dass Sie meine Webseite besuchen. Der Schutz Ihrer pers\u00f6nlichen Daten ist mir ein besonderes Anliegen, daher m\u00f6chte ich Ihnen erkl\u00e4ren, wie ich Ihre Daten speichere und bearbeite. Diese Verarbeitung passiert ausschlie\u00dflich auf Grundlage der gesetzlichen Bestimmungen (DSGVO, &hellip; <\/p>\n<p class=\"link-more\"><a href=\"https:\/\/www.logopaedie-weissl.at\/index.php\/privacy-policy\/\" class=\"more-link\"><span class=\"screen-reader-text\">\u201eDatenschutz &#8211; Webseite\u201c<\/span> weiterlesen<\/a><\/p>\n","protected":false},"author":1,"featured_media":0,"parent":0,"menu_order":0,"comment_status":"closed","ping_status":"open","template":"","meta":{"footnotes":""},"class_list":["post-3","page","type-page","status-publish","hentry"],"_links":{"self":[{"href":"https:\/\/www.logopaedie-weissl.at\/index.php\/wp-json\/wp\/v2\/pages\/3","targetHints":{"allow":["GET"]}}],"collection":[{"href":"https:\/\/www.logopaedie-weissl.at\/index.php\/wp-json\/wp\/v2\/pages"}],"about":[{"href":"https:\/\/www.logopaedie-weissl.at\/index.php\/wp-json\/wp\/v2\/types\/page"}],"author":[{"embeddable":true,"href":"https:\/\/www.logopaedie-weissl.at\/index.php\/wp-json\/wp\/v2\/users\/1"}],"replies":[{"embeddable":true,"href":"https:\/\/www.logopaedie-weissl.at\/index.php\/wp-json\/wp\/v2\/comments?post=3"}],"version-history":[{"count":12,"href":"https:\/\/www.logopaedie-weissl.at\/index.php\/wp-json\/wp\/v2\/pages\/3\/revisions"}],"predecessor-version":[{"id":390,"href":"https:\/\/www.logopaedie-weissl.at\/index.php\/wp-json\/wp\/v2\/pages\/3\/revisions\/390"}],"wp:attachment":[{"href":"https:\/\/www.logopaedie-weissl.at\/index.php\/wp-json\/wp\/v2\/media?parent=3"}],"curies":[{"name":"wp","href":"https:\/\/api.w.org\/{rel}","templated":true}]}}