{"id":417,"date":"2020-11-08T18:24:28","date_gmt":"2020-11-08T17:24:28","guid":{"rendered":"http:\/\/www.logopaedie-weissl.at\/?page_id=417"},"modified":"2023-08-05T11:04:26","modified_gmt":"2023-08-05T09:04:26","slug":"teletherapie","status":"publish","type":"page","link":"https:\/\/www.logopaedie-weissl.at\/index.php\/teletherapie\/","title":{"rendered":"Teletherapie"},"content":{"rendered":"<h1 style=\"text-align: center;\"><span style=\"font-family: 'trebuchet ms', geneva, sans-serif; color: #339900;\"><em><strong>Teletherapie<\/strong><\/em><\/span><\/h1>\n<p>Die Teletherapie erm\u00f6glicht einen unterbrechungsfreien Therapieverlauf auch im Falle einer Erkrankung oder anderer Umst\u00e4nde, die eine Therapie in der Praxis unm\u00f6glich machen ( z.B. fehlende Betreuungsm\u00f6glichkeit eines kranken Geschwisterkindes, &#8230;).<\/p>\n<p>Ich verwende f\u00fcr diese Therapieform die Plattform Microsoft Teams.<\/p>\n<p>Um Teletherapie in Anspruch nehmen zu k\u00f6nnen, brauchen Sie ein Ger\u00e4t, das mit einer Kamera und einem Mikrophon ausgestattet ist (Computer, Laptop, Tablet,&#8230;) und ich Ihre E-Mailadresse, um Ihnen die Einladung f\u00fcr die Therapieeinheit schicken zu k\u00f6nnen.<\/p>\n<p>Die Microsoft Teams-Software (App) kann kostenfrei im Internet bezogen werden.<\/p>\n<p>Derzeit wird von Seiten der Krankenkassen in der Verrechnung kein Unterschied zwischen Teletherapie und Pr\u00e4senztherapie gemacht. (Stand August 2023)<\/p>\n\n\n<p><\/p>\n","protected":false},"excerpt":{"rendered":"<p>Teletherapie Die Teletherapie erm\u00f6glicht einen unterbrechungsfreien Therapieverlauf auch im Falle einer Erkrankung oder anderer Umst\u00e4nde, die eine Therapie in der Praxis unm\u00f6glich machen ( z.B. fehlende Betreuungsm\u00f6glichkeit eines kranken Geschwisterkindes, &#8230;). Ich verwende f\u00fcr diese Therapieform die Plattform Microsoft Teams. Um Teletherapie in Anspruch nehmen zu k\u00f6nnen, brauchen Sie ein Ger\u00e4t, das mit einer Kamera &hellip; <\/p>\n<p class=\"link-more\"><a href=\"https:\/\/www.logopaedie-weissl.at\/index.php\/teletherapie\/\" class=\"more-link\"><span class=\"screen-reader-text\">\u201eTeletherapie\u201c<\/span> weiterlesen<\/a><\/p>\n","protected":false},"author":1,"featured_media":0,"parent":0,"menu_order":0,"comment_status":"closed","ping_status":"closed","template":"","meta":{"footnotes":""},"class_list":["post-417","page","type-page","status-publish","hentry"],"_links":{"self":[{"href":"https:\/\/www.logopaedie-weissl.at\/index.php\/wp-json\/wp\/v2\/pages\/417","targetHints":{"allow":["GET"]}}],"collection":[{"href":"https:\/\/www.logopaedie-weissl.at\/index.php\/wp-json\/wp\/v2\/pages"}],"about":[{"href":"https:\/\/www.logopaedie-weissl.at\/index.php\/wp-json\/wp\/v2\/types\/page"}],"author":[{"embeddable":true,"href":"https:\/\/www.logopaedie-weissl.at\/index.php\/wp-json\/wp\/v2\/users\/1"}],"replies":[{"embeddable":true,"href":"https:\/\/www.logopaedie-weissl.at\/index.php\/wp-json\/wp\/v2\/comments?post=417"}],"version-history":[{"count":5,"href":"https:\/\/www.logopaedie-weissl.at\/index.php\/wp-json\/wp\/v2\/pages\/417\/revisions"}],"predecessor-version":[{"id":463,"href":"https:\/\/www.logopaedie-weissl.at\/index.php\/wp-json\/wp\/v2\/pages\/417\/revisions\/463"}],"wp:attachment":[{"href":"https:\/\/www.logopaedie-weissl.at\/index.php\/wp-json\/wp\/v2\/media?parent=417"}],"curies":[{"name":"wp","href":"https:\/\/api.w.org\/{rel}","templated":true}]}}