{"id":49,"date":"2018-10-01T21:26:18","date_gmt":"2018-10-01T19:26:18","guid":{"rendered":"http:\/\/testlogo.weissl.com\/?page_id=49"},"modified":"2023-08-11T16:37:36","modified_gmt":"2023-08-11T14:37:36","slug":"stimme","status":"publish","type":"page","link":"https:\/\/www.logopaedie-weissl.at\/index.php\/stimme\/","title":{"rendered":"Atem und Stimme"},"content":{"rendered":"<p style=\"text-align: right;\"><span style=\"font-family: 'trebuchet ms', geneva, sans-serif; font-size: 12pt;\"><em>&#8222;Das \u00e4lteste, echteste und<br \/>\n<\/em><\/span><span style=\"font-family: 'trebuchet ms', geneva, sans-serif;\"><em><span style=\"font-size: 12pt;\">sch\u00f6nste Organ der Musik, [..,]<\/span><br \/>\n<span style=\"font-size: 12pt;\">ist die menschliche Stimme.&#8220;<\/span><span style=\"color: #333333; font-size: 10pt;\"><br \/>\n<span style=\"font-size: 8pt;\">Richard Wagner<\/span><\/span><\/em><\/span><\/p>\n<h1 style=\"text-align: center;\"><span style=\"color: #339966;\"><em><strong><span style=\"font-family: 'trebuchet ms', geneva, sans-serif;\">Atem und Stimme<\/span><\/strong><\/em><\/span><\/h1>\n<p>Die Stimme ist unser wichtigstes Kommunikationswerkzeug. Sie ist Ausdruck unserer W\u00fcnsche und Gef\u00fchle, Teil unserer Pers\u00f6nlichkeit und Spiegel unserer Seele.<a id=\"FunktDysphonie\"><\/a><\/p>\n<h2 style=\"text-align: center;\"><span style=\"font-family: 'trebuchet ms', geneva, sans-serif; font-size: 14pt; color: #339966;\"><em>Funktionelle Stimmst\u00f6rung (Funktionelle Dysphonie)<\/em><\/span><\/h2>\n<p style=\"text-align: center;\"><span style=\"font-family: 'trebuchet ms', geneva, sans-serif;\"><em>Ursachen<\/em><\/span><\/p>\n<p>Wie jedes Instrument muss auch die Stimme achtsam gepflegt werden. Durch falschen Gebrauch k\u00f6nnen funktionelle Stimmst\u00f6rungen entstehen.<\/p>\n<p style=\"text-align: center;\"><span style=\"font-family: 'trebuchet ms', geneva, sans-serif;\"><em>Symptome<\/em><\/span><\/p>\n<ul>\n<li>Heiserkeit, <span style=\"font-size: 1rem;\">gepresster rauer Stimmklang<\/span><\/li>\n<li><span style=\"font-size: 1rem;\">R\u00e4usperzwang, Unwohlsein im Halsbereich, <\/span><\/li>\n<li><span style=\"font-size: 1rem;\">rasche Stimmerm\u00fcdung, wenig belastbare und tragf\u00e4hige Stimme<\/span><\/li>\n<li><span style=\"font-size: 1rem;\">Kurzatmigkeit, <\/span><\/li>\n<li><span style=\"font-size: 1rem;\">sekund\u00e4rorganische Ver\u00e4nderungen wie weiche oder harte Stimmbandkn\u00f6tchen, \u00d6deme &#8230;<a id=\"OrganDysphonie\"><\/a><\/span><\/li>\n<\/ul>\n<h2 style=\"text-align: center;\"><span style=\"font-family: 'trebuchet ms', geneva, sans-serif; font-size: 14pt; color: #339966;\"><em>Organische Stimmst\u00f6rung (Organische Dysphonie)<\/em><\/span><\/h2>\n<p style=\"text-align: center;\"><span style=\"font-family: 'trebuchet ms', geneva, sans-serif;\"><em>Ursachen<\/em><\/span><\/p>\n<ul>\n<li>L\u00e4hmung eines oder beider Stimmb\u00e4nder nach einer Operation im Halsbereich (Schilddr\u00fcse, Halswirbels\u00e4ule,..) &#8211; Recurrensparese<\/li>\n<li>durch Tumorerkrankungen am Kehlkopf bzw. an den Stimmb\u00e4ndern<\/li>\n<\/ul>\n<p style=\"text-align: center;\"><span style=\"font-family: 'trebuchet ms', geneva, sans-serif;\"><em>Symptome<\/em><\/span><\/p>\n<ul>\n<li>Die Stimme klingt rau, kratzig, leise, heiser, aphon,<\/li>\n<li>sie ist wenig belastbar,<\/li>\n<li>oft treten auch Kurzatmigkeit oder andere Atemprobleme auf<a id=\"JuvDysphonie\"><\/a><\/li>\n<\/ul>\n<h2 style=\"text-align: center;\"><span style=\"font-family: 'trebuchet ms', geneva, sans-serif; font-size: 14pt; color: #339966;\"><em>Stimmst\u00f6rungen im Kindesalter (Juvenile Dysphonie)<\/em><\/span><\/h2>\n<p style=\"text-align: center;\"><span style=\"font-family: 'trebuchet ms', geneva, sans-serif;\"><em>Ursachen<\/em><\/span><\/p>\n<p style=\"text-align: left;\">Auch die Kinderstimme kann durch falschen Gebrauch Schaden nehmen und es k\u00f6nnen sich Schreikn\u00f6tchen bilden<\/p>\n<p style=\"text-align: center;\"><span style=\"font-family: 'trebuchet ms', geneva, sans-serif;\"><em>Symptome<\/em><\/span><\/p>\n<ul>\n<li style=\"text-align: left;\">Heiserkeit,<\/li>\n<li style=\"text-align: left;\">raue, \u00fcberanstrengte, wenig belastbare Stimme,<\/li>\n<li style=\"text-align: left;\"><span style=\"font-size: 1rem;\">Schreikn\u00f6tchen,<\/span><\/li>\n<li>eingeschr\u00e4nkte Dynamik (fl\u00fcsternd leise oder schreiend laut mit wenig Zwischenabstufungen), eingeschr\u00e4nkte Sprachmelodie (Stimme klingt monoton)<a id=\"TherapieStimmstoerungen\"><\/a><\/li>\n<\/ul>\n<h2 style=\"text-align: center;\"><span style=\"font-family: 'trebuchet ms', geneva, sans-serif; font-size: 14pt; color: #339966;\"><em>Therapie der Stimmst\u00f6rungen<\/em><\/span><\/h2>\n<p>Da die Stimme ein sehr komplexes System ist, umfasst die Stimmtherapie die Arbeit an der Haltung, Atmung, Resonanz, Artikulation, Lautst\u00e4rke, Muskeltonus, Sprachmelodie, Sprech -und Singstimme<\/p>\n<p style=\"text-align: center;\"><em>AtemTonusTon<\/em><\/p>\n<p><span style=\"font-size: 1rem;\">AtemTonusTon ist eine k\u00f6rperorientierte Stimmp\u00e4dagogik und l\u00e4sst sich sehr gut in die Therapie von Stimmst\u00f6rungen integrieren.<\/span><\/p>\n<p><span style=\"font-size: 1rem;\"> Aus dem\u00a0 frei flie\u00dfendem <span style=\"text-decoration: underline;\">Atem<\/span> entsteht eine bessere eutone Muskelspannung (<\/span><span style=\"font-size: 1rem;\"><span style=\"text-decoration: underline;\">Tonus<\/span>)<\/span><span style=\"font-size: 1rem;\">. Diese ist Voraussetzung f\u00fcr einen vollen Stimmklang (<span style=\"text-decoration: underline;\">Ton<\/span>).<\/span><\/p>\n<p>AtemTonusTon verhilft zu einer \u00d6ffnung der Atem-und Klangr\u00e4ume, einer m\u00fchelosen und klangvollen Sprech &#8211; und Singstimme, einem guten K\u00f6rperbewusstsein, durchl\u00e4ssigen Gelenken und aufrechter Haltung.<\/p>\n<p>Da AtemTonusTon auf der k\u00f6rperlichen Ebene arbeitet, kann das Erlernte auch in Stresssituationen leicht abgerufen werden, denn somatisch (\u00fcber den K\u00f6rper) Gelerntes ist dauerhaft abgespeichert.<\/p>\n<p style=\"text-align: center;\"><em>LogoLink<\/em><\/p>\n<p><span style=\"font-size: 1rem;\">LogoLink nach Put ist eine mehrj\u00e4hrige Weiterbildung, in der osteopathische Prinzipien und Techniken f\u00fcr die Logop\u00e4die vermittelt werden.<\/span><\/p>\n<p><span style=\"font-size: 1rem;\">Mithilfe dieser Techniken ist es mir m\u00f6glich, Strukturen des K\u00f6rpers manuell zu behandeln, die Auswirkungen auf die Stimmfunktion haben k\u00f6nnen (wie z.B. Zwerchfell, Lunge, Faszienz\u00fcge, &#8230;).<\/span><\/p>\n<p>Das Verst\u00e4ndnis osteopathischer Prinzipien hilft, Zusammenh\u00e4nge in Bezug auf die Stimme zu erkennen und f\u00fcr die Therapie zu n\u00fctzen.<\/p>\n","protected":false},"excerpt":{"rendered":"<p>&#8222;Das \u00e4lteste, echteste und sch\u00f6nste Organ der Musik, [..,] ist die menschliche Stimme.&#8220; Richard Wagner Atem und Stimme Die Stimme ist unser wichtigstes Kommunikationswerkzeug. Sie ist Ausdruck unserer W\u00fcnsche und Gef\u00fchle, Teil unserer Pers\u00f6nlichkeit und Spiegel unserer Seele. Funktionelle Stimmst\u00f6rung (Funktionelle Dysphonie) Ursachen Wie jedes Instrument muss auch die Stimme achtsam gepflegt werden. Durch falschen &hellip; <\/p>\n<p class=\"link-more\"><a href=\"https:\/\/www.logopaedie-weissl.at\/index.php\/stimme\/\" class=\"more-link\"><span class=\"screen-reader-text\">\u201eAtem und Stimme\u201c<\/span> weiterlesen<\/a><\/p>\n","protected":false},"author":1,"featured_media":0,"parent":0,"menu_order":0,"comment_status":"closed","ping_status":"closed","template":"","meta":{"footnotes":""},"class_list":["post-49","page","type-page","status-publish","hentry"],"_links":{"self":[{"href":"https:\/\/www.logopaedie-weissl.at\/index.php\/wp-json\/wp\/v2\/pages\/49","targetHints":{"allow":["GET"]}}],"collection":[{"href":"https:\/\/www.logopaedie-weissl.at\/index.php\/wp-json\/wp\/v2\/pages"}],"about":[{"href":"https:\/\/www.logopaedie-weissl.at\/index.php\/wp-json\/wp\/v2\/types\/page"}],"author":[{"embeddable":true,"href":"https:\/\/www.logopaedie-weissl.at\/index.php\/wp-json\/wp\/v2\/users\/1"}],"replies":[{"embeddable":true,"href":"https:\/\/www.logopaedie-weissl.at\/index.php\/wp-json\/wp\/v2\/comments?post=49"}],"version-history":[{"count":39,"href":"https:\/\/www.logopaedie-weissl.at\/index.php\/wp-json\/wp\/v2\/pages\/49\/revisions"}],"predecessor-version":[{"id":491,"href":"https:\/\/www.logopaedie-weissl.at\/index.php\/wp-json\/wp\/v2\/pages\/49\/revisions\/491"}],"wp:attachment":[{"href":"https:\/\/www.logopaedie-weissl.at\/index.php\/wp-json\/wp\/v2\/media?parent=49"}],"curies":[{"name":"wp","href":"https:\/\/api.w.org\/{rel}","templated":true}]}}