{"id":496,"date":"2025-07-20T11:29:43","date_gmt":"2025-07-20T09:29:43","guid":{"rendered":"https:\/\/www.logopaedie-weissl.at\/?page_id=496"},"modified":"2025-07-20T11:32:49","modified_gmt":"2025-07-20T09:32:49","slug":"rechnen","status":"publish","type":"page","link":"https:\/\/www.logopaedie-weissl.at\/index.php\/rechnen\/","title":{"rendered":"Rechnen"},"content":{"rendered":"<p style=\"text-align: right;\"><em><span style=\"font-family: 'trebuchet ms', geneva, sans-serif;\">&#8222;3&#215;3 macht 6, wide wide wer will von mir lernen?&#8220;<br \/>\n<span style=\"font-size: 8pt;\">Pippi Langstrumpf<\/span><\/span><\/em><\/p>\n<h1 style=\"text-align: center;\"><em><strong><span style=\"font-family: 'trebuchet ms', geneva, sans-serif; color: #339966;\">Rechnen<\/span><\/strong><\/em><\/h1>\n<p>&#8230; nicht alle Kinder k\u00f6nnen an das Rechnen so unbeschwert herangehen wie Pippi Langstrumpf &#8230;<a id=\"rechenschwaeche\"><\/a><\/p>\n<h2 style=\"text-align: center;\"><em><span style=\"color: #339966; font-family: 'trebuchet ms', geneva, sans-serif; font-size: 18pt;\">Rechenschw\u00e4che<\/span><\/em><\/h2>\n<p style=\"text-align: center;\"><em>Symptom<\/em><\/p>\n<ul>\n<li>Rechnen mit den Fingern<\/li>\n<li>unvollst\u00e4ndiges L\u00f6sen von Rechnungen<\/li>\n<li>Schwierigkeiten beim Kopfrechnen<\/li>\n<li>die vorgegebene Rechenzeit reicht nicht aus<\/li>\n<li><span style=\"font-size: 1rem;\">Rechnen ist anstrengend und macht keine Freude<\/span><\/li>\n<\/ul>\n<p style=\"text-align: center;\"><em>Ursache<\/em><\/p>\n<p>Schwierigkeiten beim Rechnen nicht mehr die Finger zu ben\u00fctzen (&#8222;z\u00e4hlendes Rechnen&#8220;), weil das arithmetische Faktenwissen nicht ausreichend vorhanden ist. Unter arithmetischen Fakten versteht man das Wissen um die Zusammensetzung der Zahlen (z.B. die Zahl 7 zerlegt sich in: 3+4, 2+5, 1+6, 0+7)<\/p>\n<p style=\"text-align: center;\"><em>Therapie<\/em><\/p>\n<ul>\n<li>Erwerb der arithmetischen Fakten und schneller Zugriff auf diese &#8211; als Basis f\u00fcr das L\u00f6sen von komplexen mathematischen Aufgaben<\/li>\n<li>sicheres Addieren und Subtrahieren im Zahlenraum von 100<\/li>\n<\/ul>\n<p>Ich biete Diagnostik und Therapie bei Rechenschw\u00e4chen ab der 2. Klasse Volksschule an.<\/p>\n","protected":false},"excerpt":{"rendered":"<p>&#8222;3&#215;3 macht 6, wide wide wer will von mir lernen?&#8220; Pippi Langstrumpf Rechnen &#8230; nicht alle Kinder k\u00f6nnen an das Rechnen so unbeschwert herangehen wie Pippi Langstrumpf &#8230; Rechenschw\u00e4che Symptom Rechnen mit den Fingern unvollst\u00e4ndiges L\u00f6sen von Rechnungen Schwierigkeiten beim Kopfrechnen die vorgegebene Rechenzeit reicht nicht aus Rechnen ist anstrengend und macht keine Freude Ursache &hellip; <\/p>\n<p class=\"link-more\"><a href=\"https:\/\/www.logopaedie-weissl.at\/index.php\/rechnen\/\" class=\"more-link\"><span class=\"screen-reader-text\">\u201eRechnen\u201c<\/span> weiterlesen<\/a><\/p>\n","protected":false},"author":1,"featured_media":0,"parent":0,"menu_order":0,"comment_status":"closed","ping_status":"closed","template":"","meta":{"footnotes":""},"class_list":["post-496","page","type-page","status-publish","hentry"],"_links":{"self":[{"href":"https:\/\/www.logopaedie-weissl.at\/index.php\/wp-json\/wp\/v2\/pages\/496","targetHints":{"allow":["GET"]}}],"collection":[{"href":"https:\/\/www.logopaedie-weissl.at\/index.php\/wp-json\/wp\/v2\/pages"}],"about":[{"href":"https:\/\/www.logopaedie-weissl.at\/index.php\/wp-json\/wp\/v2\/types\/page"}],"author":[{"embeddable":true,"href":"https:\/\/www.logopaedie-weissl.at\/index.php\/wp-json\/wp\/v2\/users\/1"}],"replies":[{"embeddable":true,"href":"https:\/\/www.logopaedie-weissl.at\/index.php\/wp-json\/wp\/v2\/comments?post=496"}],"version-history":[{"count":4,"href":"https:\/\/www.logopaedie-weissl.at\/index.php\/wp-json\/wp\/v2\/pages\/496\/revisions"}],"predecessor-version":[{"id":525,"href":"https:\/\/www.logopaedie-weissl.at\/index.php\/wp-json\/wp\/v2\/pages\/496\/revisions\/525"}],"wp:attachment":[{"href":"https:\/\/www.logopaedie-weissl.at\/index.php\/wp-json\/wp\/v2\/media?parent=496"}],"curies":[{"name":"wp","href":"https:\/\/api.w.org\/{rel}","templated":true}]}}